{"id":9363,"date":"2018-02-20T10:06:32","date_gmt":"2018-02-20T10:06:32","guid":{"rendered":"http:\/\/www.burritabike.com\/?page_id=9363"},"modified":"2023-03-16T18:03:00","modified_gmt":"2023-03-16T18:03:00","slug":"promociones-y-ofertas","status":"publish","type":"page","link":"https:\/\/www.burritabike.com\/?page_id=9363","title":{"rendered":"RENOVE"},"content":{"rendered":"\n<h3 class=\"wp-block-heading\">\u00bfQUIERES CAMBIAR DE BICI PERO NO SABES QU\u00c9 HACER CON LA ANTIGUA? <\/h3>\n\n\n\n<h3 class=\"wp-block-heading\">\u00a1EN BURRITA BIKE TE DAMOS LA SOLUCI\u00d3N!<\/h3>\n\n\n\n<p>Por la compra de una bicicleta nueva, nuestro equipo de mec\u00e1nicos valorar\u00e1 tu bicicleta antigua y nos la quedaremos como parte del pago. La forma m\u00e1s sencilla de estrenar bici es muy f\u00e1cil:<\/p>\n\n\n\n<p>-Nos&nbsp; traes la bici a nuestra tienda.\n                      <br>-Nuestros t\u00e9cnicos la valoran seg\u00fan sus componentes, estado, uso, inter\u00e9s para el mercado, etc y te damos un valor por ella que despu\u00e9s descontamos del precio final de tu nueva bicicleta.<\/p>\n\n\n\n<p><strong>INF\u00d3RMATE DE LAS CONDICIONES DE NUESTRO PLAN RENOVE<\/strong><\/p>\n\n\n\n<figure class=\"wp-block-image size-full\"><a href=\"https:\/\/www.burritabike.com\/wp-content\/uploads\/2019\/11\/75462368_3123070314434640_6937963721826238464_o.jpg\"><img decoding=\"async\" loading=\"lazy\" width=\"960\" height=\"454\" src=\"https:\/\/www.burritabike.com\/wp-content\/uploads\/2019\/11\/75462368_3123070314434640_6937963721826238464_o.jpg\" alt=\"\" class=\"wp-image-10008\" srcset=\"https:\/\/www.burritabike.com\/wp-content\/uploads\/2019\/11\/75462368_3123070314434640_6937963721826238464_o.jpg 960w, https:\/\/www.burritabike.com\/wp-content\/uploads\/2019\/11\/75462368_3123070314434640_6937963721826238464_o-300x142.jpg 300w, https:\/\/www.burritabike.com\/wp-content\/uploads\/2019\/11\/75462368_3123070314434640_6937963721826238464_o-768x363.jpg 768w\" sizes=\"(max-width: 960px) 100vw, 960px\" \/><\/a><\/figure>\n\n\n\n<p>\n                      <br>\n                    <\/p>\n\n\n<p><\/p>","protected":false},"excerpt":{"rendered":"<p>\u00bfQUIERES CAMBIAR DE BICI PERO NO SABES QU\u00c9 HACER CON LA ANTIGUA? \u00a1EN BURRITA BIKE TE DAMOS LA SOLUCI\u00d3N! Por la compra de una bicicleta nueva, nuestro equipo de mec\u00e1nicos valorar\u00e1 tu bicicleta antigua y nos la quedaremos como parte del pago. La forma m\u00e1s sencilla de estrenar bici es muy f\u00e1cil: -Nos&nbsp; traes la [&hellip;]<\/p>\n","protected":false},"author":3,"featured_media":0,"parent":0,"menu_order":0,"comment_status":"closed","ping_status":"closed","template":"","meta":{"_mi_skip_tracking":false,"_themeisle_gutenberg_block_has_review":false},"yoast_head":"<!-- This site is optimized with the Yoast SEO plugin v19.14 - https:\/\/yoast.com\/wordpress\/plugins\/seo\/ -->\n<title>RENOVE - Burrita Bike Store<\/title>\n<meta name=\"description\" content=\"\u00bfQuieres cambiar de bici pero no sabes qu\u00e9 hacer con la antigua? En Burrita Bike te damos la soluci\u00f3n. La forma mas sencilla de estrenar bici\" \/>\n<meta name=\"robots\" content=\"index, follow, max-snippet:-1, max-image-preview:large, max-video-preview:-1\" \/>\n<link rel=\"canonical\" href=\"https:\/\/www.burritabike.com\/?page_id=9363\" \/>\n<meta property=\"og:locale\" content=\"es_ES\" \/>\n<meta property=\"og:type\" content=\"article\" \/>\n<meta property=\"og:title\" content=\"RENOVE - Burrita Bike Store\" \/>\n<meta property=\"og:description\" content=\"\u00bfQuieres cambiar de bici pero no sabes qu\u00e9 hacer con la antigua? En Burrita Bike te damos la soluci\u00f3n. La forma mas sencilla de estrenar bici\" \/>\n<meta property=\"og:url\" content=\"https:\/\/www.burritabike.com\/?page_id=9363\" \/>\n<meta property=\"og:site_name\" content=\"Burrita Bike Store\" \/>\n<meta property=\"article:publisher\" content=\"https:\/\/www.facebook.com\/Burrita-Bike-175649685843399\/\" \/>\n<meta property=\"article:modified_time\" content=\"2023-03-16T18:03:00+00:00\" \/>\n<meta property=\"og:image\" content=\"https:\/\/www.burritabike.com\/wp-content\/uploads\/2019\/11\/75462368_3123070314434640_6937963721826238464_o.jpg\" \/>\n<meta name=\"twitter:card\" content=\"summary_large_image\" \/>\n<meta name=\"twitter:site\" content=\"@burritabike\" \/>\n<meta name=\"twitter:label1\" content=\"Tiempo de lectura\" \/>\n\t<meta name=\"twitter:data1\" content=\"1 minuto\" \/>\n<script type=\"application\/ld+json\" class=\"yoast-schema-graph\">{\"@context\":\"https:\/\/schema.org\",\"@graph\":[{\"@type\":\"WebPage\",\"@id\":\"https:\/\/www.burritabike.com\/?page_id=9363\",\"url\":\"https:\/\/www.burritabike.com\/?page_id=9363\",\"name\":\"RENOVE - Burrita Bike Store\",\"isPartOf\":{\"@id\":\"https:\/\/www.burritabike.com\/#website\"},\"datePublished\":\"2018-02-20T10:06:32+00:00\",\"dateModified\":\"2023-03-16T18:03:00+00:00\",\"description\":\"\u00bfQuieres cambiar de bici pero no sabes qu\u00e9 hacer con la antigua? En Burrita Bike te damos la soluci\u00f3n. La forma mas sencilla de estrenar bici\",\"breadcrumb\":{\"@id\":\"https:\/\/www.burritabike.com\/?page_id=9363#breadcrumb\"},\"inLanguage\":\"es\",\"potentialAction\":[{\"@type\":\"ReadAction\",\"target\":[\"https:\/\/www.burritabike.com\/?page_id=9363\"]}]},{\"@type\":\"BreadcrumbList\",\"@id\":\"https:\/\/www.burritabike.com\/?page_id=9363#breadcrumb\",\"itemListElement\":[{\"@type\":\"ListItem\",\"position\":1,\"name\":\"Portada\",\"item\":\"https:\/\/www.burritabike.com\/\"},{\"@type\":\"ListItem\",\"position\":2,\"name\":\"RENOVE\"}]},{\"@type\":\"WebSite\",\"@id\":\"https:\/\/www.burritabike.com\/#website\",\"url\":\"https:\/\/www.burritabike.com\/\",\"name\":\"Burrita Bike Store\",\"description\":\"Pasi\u00f3n por el Ciclismo\",\"publisher\":{\"@id\":\"https:\/\/www.burritabike.com\/#organization\"},\"potentialAction\":[{\"@type\":\"SearchAction\",\"target\":{\"@type\":\"EntryPoint\",\"urlTemplate\":\"https:\/\/www.burritabike.com\/?s={search_term_string}\"},\"query-input\":\"required name=search_term_string\"}],\"inLanguage\":\"es\"},{\"@type\":\"Organization\",\"@id\":\"https:\/\/www.burritabike.com\/#organization\",\"name\":\"BURRITA BIKE STORE\",\"url\":\"https:\/\/www.burritabike.com\/\",\"logo\":{\"@type\":\"ImageObject\",\"inLanguage\":\"es\",\"@id\":\"https:\/\/www.burritabike.com\/#\/schema\/logo\/image\/\",\"url\":\"https:\/\/www.burritabike.com\/wp-content\/uploads\/2019\/03\/logo-burrita-completo-con-copyrigth.jpg\",\"contentUrl\":\"https:\/\/www.burritabike.com\/wp-content\/uploads\/2019\/03\/logo-burrita-completo-con-copyrigth.jpg\",\"width\":908,\"height\":845,\"caption\":\"BURRITA BIKE STORE\"},\"image\":{\"@id\":\"https:\/\/www.burritabike.com\/#\/schema\/logo\/image\/\"},\"sameAs\":[\"https:\/\/www.instagram.com\/burritabike\/\",\"https:\/\/www.facebook.com\/Burrita-Bike-175649685843399\/\",\"https:\/\/twitter.com\/burritabike\"]}]}<\/script>\n<!-- \/ Yoast SEO plugin. -->","yoast_head_json":{"title":"RENOVE - Burrita Bike Store","description":"\u00bfQuieres cambiar de bici pero no sabes qu\u00e9 hacer con la antigua? En Burrita Bike te damos la soluci\u00f3n. La forma mas sencilla de estrenar bici","robots":{"index":"index","follow":"follow","max-snippet":"max-snippet:-1","max-image-preview":"max-image-preview:large","max-video-preview":"max-video-preview:-1"},"canonical":"https:\/\/www.burritabike.com\/?page_id=9363","og_locale":"es_ES","og_type":"article","og_title":"RENOVE - Burrita Bike Store","og_description":"\u00bfQuieres cambiar de bici pero no sabes qu\u00e9 hacer con la antigua? En Burrita Bike te damos la soluci\u00f3n. La forma mas sencilla de estrenar bici","og_url":"https:\/\/www.burritabike.com\/?page_id=9363","og_site_name":"Burrita Bike Store","article_publisher":"https:\/\/www.facebook.com\/Burrita-Bike-175649685843399\/","article_modified_time":"2023-03-16T18:03:00+00:00","og_image":[{"url":"https:\/\/www.burritabike.com\/wp-content\/uploads\/2019\/11\/75462368_3123070314434640_6937963721826238464_o.jpg"}],"twitter_card":"summary_large_image","twitter_site":"@burritabike","twitter_misc":{"Tiempo de lectura":"1 minuto"},"schema":{"@context":"https:\/\/schema.org","@graph":[{"@type":"WebPage","@id":"https:\/\/www.burritabike.com\/?page_id=9363","url":"https:\/\/www.burritabike.com\/?page_id=9363","name":"RENOVE - Burrita Bike Store","isPartOf":{"@id":"https:\/\/www.burritabike.com\/#website"},"datePublished":"2018-02-20T10:06:32+00:00","dateModified":"2023-03-16T18:03:00+00:00","description":"\u00bfQuieres cambiar de bici pero no sabes qu\u00e9 hacer con la antigua? En Burrita Bike te damos la soluci\u00f3n. La forma mas sencilla de estrenar bici","breadcrumb":{"@id":"https:\/\/www.burritabike.com\/?page_id=9363#breadcrumb"},"inLanguage":"es","potentialAction":[{"@type":"ReadAction","target":["https:\/\/www.burritabike.com\/?page_id=9363"]}]},{"@type":"BreadcrumbList","@id":"https:\/\/www.burritabike.com\/?page_id=9363#breadcrumb","itemListElement":[{"@type":"ListItem","position":1,"name":"Portada","item":"https:\/\/www.burritabike.com\/"},{"@type":"ListItem","position":2,"name":"RENOVE"}]},{"@type":"WebSite","@id":"https:\/\/www.burritabike.com\/#website","url":"https:\/\/www.burritabike.com\/","name":"Burrita Bike Store","description":"Pasi\u00f3n por el Ciclismo","publisher":{"@id":"https:\/\/www.burritabike.com\/#organization"},"potentialAction":[{"@type":"SearchAction","target":{"@type":"EntryPoint","urlTemplate":"https:\/\/www.burritabike.com\/?s={search_term_string}"},"query-input":"required name=search_term_string"}],"inLanguage":"es"},{"@type":"Organization","@id":"https:\/\/www.burritabike.com\/#organization","name":"BURRITA BIKE STORE","url":"https:\/\/www.burritabike.com\/","logo":{"@type":"ImageObject","inLanguage":"es","@id":"https:\/\/www.burritabike.com\/#\/schema\/logo\/image\/","url":"https:\/\/www.burritabike.com\/wp-content\/uploads\/2019\/03\/logo-burrita-completo-con-copyrigth.jpg","contentUrl":"https:\/\/www.burritabike.com\/wp-content\/uploads\/2019\/03\/logo-burrita-completo-con-copyrigth.jpg","width":908,"height":845,"caption":"BURRITA BIKE STORE"},"image":{"@id":"https:\/\/www.burritabike.com\/#\/schema\/logo\/image\/"},"sameAs":["https:\/\/www.instagram.com\/burritabike\/","https:\/\/www.facebook.com\/Burrita-Bike-175649685843399\/","https:\/\/twitter.com\/burritabike"]}]}},"_links":{"self":[{"href":"https:\/\/www.burritabike.com\/index.php?rest_route=\/wp\/v2\/pages\/9363"}],"collection":[{"href":"https:\/\/www.burritabike.com\/index.php?rest_route=\/wp\/v2\/pages"}],"about":[{"href":"https:\/\/www.burritabike.com\/index.php?rest_route=\/wp\/v2\/types\/page"}],"author":[{"embeddable":true,"href":"https:\/\/www.burritabike.com\/index.php?rest_route=\/wp\/v2\/users\/3"}],"replies":[{"embeddable":true,"href":"https:\/\/www.burritabike.com\/index.php?rest_route=%2Fwp%2Fv2%2Fcomments&post=9363"}],"version-history":[{"count":11,"href":"https:\/\/www.burritabike.com\/index.php?rest_route=\/wp\/v2\/pages\/9363\/revisions"}],"predecessor-version":[{"id":11272,"href":"https:\/\/www.burritabike.com\/index.php?rest_route=\/wp\/v2\/pages\/9363\/revisions\/11272"}],"wp:attachment":[{"href":"https:\/\/www.burritabike.com\/index.php?rest_route=%2Fwp%2Fv2%2Fmedia&parent=9363"}],"curies":[{"name":"wp","href":"https:\/\/api.w.org\/{rel}","templated":true}]}}