{"id":280,"date":"2011-03-09T19:17:47","date_gmt":"2011-03-09T19:17:47","guid":{"rendered":"http:\/\/edge.unispheredesign.com\/?page_id=7"},"modified":"2023-03-16T18:05:45","modified_gmt":"2023-03-16T18:05:45","slug":"burrita-bike-store","status":"publish","type":"page","link":"https:\/\/www.burritabike.com\/?page_id=280","title":{"rendered":"QUIENES SOMOS"},"content":{"rendered":"\n<p>Somos una empresa din\u00e1mica, creativa e innovadora formada por personas que hicieron de su pasi\u00f3n, el ciclismo, su profesi\u00f3n.<\/p>\n\n\n\n<p>Nuestra misi\u00f3n es ofrecer un servicio de excelencia a nuestros clientes, ofreci\u00e9ndoles productos de calidad y de primeras marcas, avaladas por m\u00e1s de 100 a\u00f1os de experiencia y progresos en el sector de la bicicleta.<\/p>\n\n\n\n<p>La innovaci\u00f3n, los avances tecnol\u00f3gicos y la eficiencia son el sello que caracteriza a nuestras bicicletas y a todos nuestros productos y servicios.<\/p>\n\n\n\n<p>Con un equipo de profesionales sobradamente preparados y en continua formaci\u00f3n en todos los \u00e1mbitos empresariales; con las competencias necesarias y los conocimientos t\u00e9cnicos y especializados requeridos para ofrecer el servicio de calidad que la persona que comienza a pedalear y la apasionada por el ciclismo se merece. Que nuestros clientes se merecen.<\/p>\n\n\n\n<p>Es nuestra orientaci\u00f3n a satisfacer las necesidades de los clientes, el trato personalizado y de confianza, lo que marca la diferencia.<\/p>\n\n\n\n<p>Te asesoramos, te aconsejamos, te escuchamos y te ofrecemos el producto que est\u00e1s buscando.<\/p>\n\n\n\n<p>Visita nuestras instalaciones, y con\u00f3cenos. Te esperamos.<\/p>\n\n\n\n<figure class=\"wp-block-image size-full\"><a href=\"https:\/\/www.burritabike.com\/wp-content\/uploads\/2023\/01\/Imagen1.jpg\"><img decoding=\"async\" loading=\"lazy\" width=\"302\" height=\"281\" src=\"https:\/\/www.burritabike.com\/wp-content\/uploads\/2023\/01\/Imagen1.jpg\" alt=\"\" class=\"wp-image-10450\" srcset=\"https:\/\/www.burritabike.com\/wp-content\/uploads\/2023\/01\/Imagen1.jpg 302w, https:\/\/www.burritabike.com\/wp-content\/uploads\/2023\/01\/Imagen1-300x279.jpg 300w\" sizes=\"(max-width: 302px) 100vw, 302px\" \/><\/a><\/figure>\n","protected":false},"excerpt":{"rendered":"<p>Somos una empresa din\u00e1mica, creativa e innovadora formada por personas que hicieron de su pasi\u00f3n, el ciclismo, su profesi\u00f3n. Nuestra misi\u00f3n es ofrecer un servicio de excelencia a nuestros clientes, ofreci\u00e9ndoles productos de calidad y de primeras marcas, avaladas por m\u00e1s de 100 a\u00f1os de experiencia y progresos en el sector de la bicicleta. La [&hellip;]<\/p>\n","protected":false},"author":3,"featured_media":10156,"parent":0,"menu_order":1,"comment_status":"closed","ping_status":"closed","template":"","meta":{"_mi_skip_tracking":false,"_themeisle_gutenberg_block_has_review":false},"yoast_head":"<!-- This site is optimized with the Yoast SEO plugin v19.14 - https:\/\/yoast.com\/wordpress\/plugins\/seo\/ -->\n<title>QUIENES SOMOS - Burrita Bike Store Pasi\u00f3n por el Ciclismo en Sevilla<\/title>\n<meta name=\"description\" content=\"Bicicletas,Taller, Servicio T\u00e9cnico, Ebikes,repuestos, componentes, accesorios, complementos,dise\u00f1o de equipaciones,alquiler\" \/>\n<meta name=\"robots\" content=\"index, follow, max-snippet:-1, max-image-preview:large, max-video-preview:-1\" \/>\n<link rel=\"canonical\" href=\"https:\/\/www.burritabike.com\/?page_id=280\" \/>\n<meta property=\"og:locale\" content=\"es_ES\" \/>\n<meta property=\"og:type\" content=\"article\" \/>\n<meta property=\"og:title\" content=\"QUIENES SOMOS - Burrita Bike Store Pasi\u00f3n por el Ciclismo en Sevilla\" \/>\n<meta property=\"og:description\" content=\"Bicicletas,Taller, Servicio T\u00e9cnico, Ebikes,repuestos, componentes, accesorios, complementos,dise\u00f1o de equipaciones,alquiler\" \/>\n<meta property=\"og:url\" content=\"https:\/\/www.burritabike.com\/?page_id=280\" \/>\n<meta property=\"og:site_name\" content=\"Burrita Bike Store\" \/>\n<meta property=\"article:publisher\" content=\"https:\/\/www.facebook.com\/Burrita-Bike-175649685843399\/\" \/>\n<meta property=\"article:modified_time\" content=\"2023-03-16T18:05:45+00:00\" \/>\n<meta property=\"og:image\" content=\"https:\/\/www.burritabike.com\/wp-content\/uploads\/2019\/03\/cropped-logo-burrita-completo-con-copyrigth-2.jpg\" \/>\n\t<meta property=\"og:image:width\" content=\"844\" \/>\n\t<meta property=\"og:image:height\" content=\"845\" \/>\n\t<meta property=\"og:image:type\" content=\"image\/jpeg\" \/>\n<meta name=\"twitter:card\" content=\"summary_large_image\" \/>\n<meta name=\"twitter:site\" content=\"@burritabike\" \/>\n<meta name=\"twitter:label1\" content=\"Tiempo de lectura\" \/>\n\t<meta name=\"twitter:data1\" content=\"1 minuto\" \/>\n<script type=\"application\/ld+json\" class=\"yoast-schema-graph\">{\"@context\":\"https:\/\/schema.org\",\"@graph\":[{\"@type\":\"WebPage\",\"@id\":\"https:\/\/www.burritabike.com\/?page_id=280\",\"url\":\"https:\/\/www.burritabike.com\/?page_id=280\",\"name\":\"QUIENES SOMOS - Burrita Bike Store Pasi\u00f3n por el Ciclismo en Sevilla\",\"isPartOf\":{\"@id\":\"https:\/\/www.burritabike.com\/#website\"},\"datePublished\":\"2011-03-09T19:17:47+00:00\",\"dateModified\":\"2023-03-16T18:05:45+00:00\",\"description\":\"Bicicletas,Taller, Servicio T\u00e9cnico, Ebikes,repuestos, componentes, accesorios, complementos,dise\u00f1o de equipaciones,alquiler\",\"breadcrumb\":{\"@id\":\"https:\/\/www.burritabike.com\/?page_id=280#breadcrumb\"},\"inLanguage\":\"es\",\"potentialAction\":[{\"@type\":\"ReadAction\",\"target\":[\"https:\/\/www.burritabike.com\/?page_id=280\"]}]},{\"@type\":\"BreadcrumbList\",\"@id\":\"https:\/\/www.burritabike.com\/?page_id=280#breadcrumb\",\"itemListElement\":[{\"@type\":\"ListItem\",\"position\":1,\"name\":\"Portada\",\"item\":\"https:\/\/www.burritabike.com\/\"},{\"@type\":\"ListItem\",\"position\":2,\"name\":\"QUIENES SOMOS\"}]},{\"@type\":\"WebSite\",\"@id\":\"https:\/\/www.burritabike.com\/#website\",\"url\":\"https:\/\/www.burritabike.com\/\",\"name\":\"Burrita Bike Store\",\"description\":\"Pasi\u00f3n por el Ciclismo\",\"publisher\":{\"@id\":\"https:\/\/www.burritabike.com\/#organization\"},\"potentialAction\":[{\"@type\":\"SearchAction\",\"target\":{\"@type\":\"EntryPoint\",\"urlTemplate\":\"https:\/\/www.burritabike.com\/?s={search_term_string}\"},\"query-input\":\"required name=search_term_string\"}],\"inLanguage\":\"es\"},{\"@type\":\"Organization\",\"@id\":\"https:\/\/www.burritabike.com\/#organization\",\"name\":\"BURRITA BIKE STORE\",\"url\":\"https:\/\/www.burritabike.com\/\",\"logo\":{\"@type\":\"ImageObject\",\"inLanguage\":\"es\",\"@id\":\"https:\/\/www.burritabike.com\/#\/schema\/logo\/image\/\",\"url\":\"https:\/\/www.burritabike.com\/wp-content\/uploads\/2019\/03\/logo-burrita-completo-con-copyrigth.jpg\",\"contentUrl\":\"https:\/\/www.burritabike.com\/wp-content\/uploads\/2019\/03\/logo-burrita-completo-con-copyrigth.jpg\",\"width\":908,\"height\":845,\"caption\":\"BURRITA BIKE STORE\"},\"image\":{\"@id\":\"https:\/\/www.burritabike.com\/#\/schema\/logo\/image\/\"},\"sameAs\":[\"https:\/\/www.instagram.com\/burritabike\/\",\"https:\/\/www.facebook.com\/Burrita-Bike-175649685843399\/\",\"https:\/\/twitter.com\/burritabike\"]}]}<\/script>\n<!-- \/ Yoast SEO plugin. -->","yoast_head_json":{"title":"QUIENES SOMOS - Burrita Bike Store Pasi\u00f3n por el Ciclismo en Sevilla","description":"Bicicletas,Taller, Servicio T\u00e9cnico, Ebikes,repuestos, componentes, accesorios, complementos,dise\u00f1o de equipaciones,alquiler","robots":{"index":"index","follow":"follow","max-snippet":"max-snippet:-1","max-image-preview":"max-image-preview:large","max-video-preview":"max-video-preview:-1"},"canonical":"https:\/\/www.burritabike.com\/?page_id=280","og_locale":"es_ES","og_type":"article","og_title":"QUIENES SOMOS - Burrita Bike Store Pasi\u00f3n por el Ciclismo en Sevilla","og_description":"Bicicletas,Taller, Servicio T\u00e9cnico, Ebikes,repuestos, componentes, accesorios, complementos,dise\u00f1o de equipaciones,alquiler","og_url":"https:\/\/www.burritabike.com\/?page_id=280","og_site_name":"Burrita Bike Store","article_publisher":"https:\/\/www.facebook.com\/Burrita-Bike-175649685843399\/","article_modified_time":"2023-03-16T18:05:45+00:00","og_image":[{"width":844,"height":845,"url":"https:\/\/www.burritabike.com\/wp-content\/uploads\/2019\/03\/cropped-logo-burrita-completo-con-copyrigth-2.jpg","type":"image\/jpeg"}],"twitter_card":"summary_large_image","twitter_site":"@burritabike","twitter_misc":{"Tiempo de lectura":"1 minuto"},"schema":{"@context":"https:\/\/schema.org","@graph":[{"@type":"WebPage","@id":"https:\/\/www.burritabike.com\/?page_id=280","url":"https:\/\/www.burritabike.com\/?page_id=280","name":"QUIENES SOMOS - Burrita Bike Store Pasi\u00f3n por el Ciclismo en Sevilla","isPartOf":{"@id":"https:\/\/www.burritabike.com\/#website"},"datePublished":"2011-03-09T19:17:47+00:00","dateModified":"2023-03-16T18:05:45+00:00","description":"Bicicletas,Taller, Servicio T\u00e9cnico, Ebikes,repuestos, componentes, accesorios, complementos,dise\u00f1o de equipaciones,alquiler","breadcrumb":{"@id":"https:\/\/www.burritabike.com\/?page_id=280#breadcrumb"},"inLanguage":"es","potentialAction":[{"@type":"ReadAction","target":["https:\/\/www.burritabike.com\/?page_id=280"]}]},{"@type":"BreadcrumbList","@id":"https:\/\/www.burritabike.com\/?page_id=280#breadcrumb","itemListElement":[{"@type":"ListItem","position":1,"name":"Portada","item":"https:\/\/www.burritabike.com\/"},{"@type":"ListItem","position":2,"name":"QUIENES SOMOS"}]},{"@type":"WebSite","@id":"https:\/\/www.burritabike.com\/#website","url":"https:\/\/www.burritabike.com\/","name":"Burrita Bike Store","description":"Pasi\u00f3n por el Ciclismo","publisher":{"@id":"https:\/\/www.burritabike.com\/#organization"},"potentialAction":[{"@type":"SearchAction","target":{"@type":"EntryPoint","urlTemplate":"https:\/\/www.burritabike.com\/?s={search_term_string}"},"query-input":"required name=search_term_string"}],"inLanguage":"es"},{"@type":"Organization","@id":"https:\/\/www.burritabike.com\/#organization","name":"BURRITA BIKE STORE","url":"https:\/\/www.burritabike.com\/","logo":{"@type":"ImageObject","inLanguage":"es","@id":"https:\/\/www.burritabike.com\/#\/schema\/logo\/image\/","url":"https:\/\/www.burritabike.com\/wp-content\/uploads\/2019\/03\/logo-burrita-completo-con-copyrigth.jpg","contentUrl":"https:\/\/www.burritabike.com\/wp-content\/uploads\/2019\/03\/logo-burrita-completo-con-copyrigth.jpg","width":908,"height":845,"caption":"BURRITA BIKE STORE"},"image":{"@id":"https:\/\/www.burritabike.com\/#\/schema\/logo\/image\/"},"sameAs":["https:\/\/www.instagram.com\/burritabike\/","https:\/\/www.facebook.com\/Burrita-Bike-175649685843399\/","https:\/\/twitter.com\/burritabike"]}]}},"_links":{"self":[{"href":"https:\/\/www.burritabike.com\/index.php?rest_route=\/wp\/v2\/pages\/280"}],"collection":[{"href":"https:\/\/www.burritabike.com\/index.php?rest_route=\/wp\/v2\/pages"}],"about":[{"href":"https:\/\/www.burritabike.com\/index.php?rest_route=\/wp\/v2\/types\/page"}],"author":[{"embeddable":true,"href":"https:\/\/www.burritabike.com\/index.php?rest_route=\/wp\/v2\/users\/3"}],"replies":[{"embeddable":true,"href":"https:\/\/www.burritabike.com\/index.php?rest_route=%2Fwp%2Fv2%2Fcomments&post=280"}],"version-history":[{"count":19,"href":"https:\/\/www.burritabike.com\/index.php?rest_route=\/wp\/v2\/pages\/280\/revisions"}],"predecessor-version":[{"id":11255,"href":"https:\/\/www.burritabike.com\/index.php?rest_route=\/wp\/v2\/pages\/280\/revisions\/11255"}],"wp:featuredmedia":[{"embeddable":true,"href":"https:\/\/www.burritabike.com\/index.php?rest_route=\/wp\/v2\/media\/10156"}],"wp:attachment":[{"href":"https:\/\/www.burritabike.com\/index.php?rest_route=%2Fwp%2Fv2%2Fmedia&parent=280"}],"curies":[{"name":"wp","href":"https:\/\/api.w.org\/{rel}","templated":true}]}}