{"id":11129,"date":"2023-02-15T16:45:28","date_gmt":"2023-02-15T16:45:28","guid":{"rendered":"https:\/\/www.burritabike.com\/?page_id=11129"},"modified":"2024-10-18T10:32:47","modified_gmt":"2024-10-18T10:32:47","slug":"taller-de-reparacion-depatinetes-electricos","status":"publish","type":"page","link":"https:\/\/www.burritabike.com\/?page_id=11129","title":{"rendered":"PATINETES ELECTRICOS"},"content":{"rendered":"\n<p>\u00bf Conoces Movility Alcal\u00e1? Tu taller de reparaci\u00f3n de patinetes el\u00e9ctricos, donde podr\u00e1s encontrar todo tipo de recambios y complementos para tu seguridad.<\/p>\n\n\n\n<p>\u00a1Mu\u00e9vete en patinete!&#x1f6f4; Despl\u00e1zate de forma sostenible por tu ciudad&#x1f331; y olv\u00eddate de atascos &#x1f699;&#x1f699;&#x26fd;.<\/p>\n\n\n\n<figure class=\"wp-block-image size-full\"><a href=\"https:\/\/www.burritabike.com\/wp-content\/uploads\/2023\/02\/Sin-titulo.png\"><img decoding=\"async\" loading=\"lazy\" width=\"553\" height=\"459\" src=\"https:\/\/www.burritabike.com\/wp-content\/uploads\/2023\/02\/Sin-titulo.png\" alt=\"Taller especializado en reparaci\u00f3n y puesta a punto de todo tipo de patinetes el\u00e9ctricos.\" class=\"wp-image-11130\" title=\"taller de reparaci\u00f3n de patinetes el\u00e9ctricos\" srcset=\"https:\/\/www.burritabike.com\/wp-content\/uploads\/2023\/02\/Sin-titulo.png 553w, https:\/\/www.burritabike.com\/wp-content\/uploads\/2023\/02\/Sin-titulo-300x249.png 300w\" sizes=\"(max-width: 553px) 100vw, 553px\" \/><\/a><\/figure>\n\n\n\n<p>\u00bfTe ocupas del mantenimiento de tu patinete el\u00e9ctrico? <\/p>\n\n\n\n<p>Los patinetes tambi\u00e9n pueden averiarse, y del mismo modo que ocurre con el resto de veh\u00edculos, son m\u00e1s propensos a unas aver\u00edas que a otras:<\/p>\n\n\n\n<p>&#x1f539; Pinchazos<br>&#x1f539; Holgura en el manillar<br>&#x1f539; Reparaci\u00f3n de bater\u00eda<br>&#x1f539; Sustituci\u00f3n de cargadores<br>&#x1f539; Roturas<br>&#x1f539;Frenos<br>&#x1f539; Neum\u00e1ticos<\/p>\n\n\n\n<p>Olv\u00eddate de aver\u00edas en&nbsp;<a href=\"https:\/\/www.instagram.com\/movilityalcala\/\">@movilityalcala<\/a>&#x1f44f;&#x1f601;<\/p>\n\n\n\n<p>Ponemos a tu disposici\u00f3n  un taller especializado en reparaci\u00f3n y puesta a punto de todo tipo de patinetes el\u00e9ctricos.<\/p>\n\n\n\n<p>Solicita cita previa para taller.<\/p>\n\n\n\n<div class=\"wp-block-jetpack-contact-form\" style=\"padding-top:16px;padding-right:16px;padding-bottom:16px;padding-left:16px\">\n\n\n\n\n<\/div>\n\n\n\n<p><\/p>\n","protected":false},"excerpt":{"rendered":"<p>\u00bf Conoces Movility Alcal\u00e1? Tu taller de reparaci\u00f3n de patinetes el\u00e9ctricos, donde podr\u00e1s encontrar todo tipo de recambios y complementos para tu seguridad. \u00a1Mu\u00e9vete en patinete!&#x1f6f4; Despl\u00e1zate de forma sostenible por tu ciudad&#x1f331; y olv\u00eddate de atascos &#x1f699;&#x1f699;&#x26fd;. \u00bfTe ocupas del mantenimiento de tu patinete el\u00e9ctrico? Los patinetes tambi\u00e9n pueden averiarse, y del mismo modo [&hellip;]<\/p>\n","protected":false},"author":3,"featured_media":11130,"parent":0,"menu_order":0,"comment_status":"closed","ping_status":"closed","template":"","meta":{"_mi_skip_tracking":false,"_themeisle_gutenberg_block_has_review":false},"yoast_head":"<!-- This site is optimized with the Yoast SEO plugin v19.14 - https:\/\/yoast.com\/wordpress\/plugins\/seo\/ -->\n<title>PATINETES ELECTRICOS - Taller de Reparaci\u00f3n de patinetes<\/title>\n<meta name=\"description\" content=\"Ponemos a tu disposici\u00f3n un taller especializado en reparaci\u00f3n y puesta a punto de todo tipo de patinetes el\u00e9ctricos.\" \/>\n<meta name=\"robots\" content=\"index, follow, max-snippet:-1, max-image-preview:large, max-video-preview:-1\" \/>\n<link rel=\"canonical\" href=\"https:\/\/www.burritabike.com\/?page_id=11129\" \/>\n<meta property=\"og:locale\" content=\"es_ES\" \/>\n<meta property=\"og:type\" content=\"article\" \/>\n<meta property=\"og:title\" content=\"PATINETES ELECTRICOS - Taller de Reparaci\u00f3n de patinetes\" \/>\n<meta property=\"og:description\" content=\"Ponemos a tu disposici\u00f3n un taller especializado en reparaci\u00f3n y puesta a punto de todo tipo de patinetes el\u00e9ctricos.\" \/>\n<meta property=\"og:url\" content=\"https:\/\/www.burritabike.com\/?page_id=11129\" \/>\n<meta property=\"og:site_name\" content=\"Burrita Bike Store\" \/>\n<meta property=\"article:publisher\" content=\"https:\/\/www.facebook.com\/Burrita-Bike-175649685843399\/\" \/>\n<meta property=\"article:modified_time\" content=\"2024-10-18T10:32:47+00:00\" \/>\n<meta property=\"og:image\" content=\"https:\/\/www.burritabike.com\/wp-content\/uploads\/2023\/02\/Sin-titulo.png\" \/>\n\t<meta property=\"og:image:width\" content=\"553\" \/>\n\t<meta property=\"og:image:height\" content=\"459\" \/>\n\t<meta property=\"og:image:type\" content=\"image\/png\" \/>\n<meta name=\"twitter:card\" content=\"summary_large_image\" \/>\n<meta name=\"twitter:site\" content=\"@burritabike\" \/>\n<meta name=\"twitter:label1\" content=\"Tiempo de lectura\" \/>\n\t<meta name=\"twitter:data1\" content=\"1 minuto\" \/>\n<script type=\"application\/ld+json\" class=\"yoast-schema-graph\">{\"@context\":\"https:\/\/schema.org\",\"@graph\":[{\"@type\":\"WebPage\",\"@id\":\"https:\/\/www.burritabike.com\/?page_id=11129\",\"url\":\"https:\/\/www.burritabike.com\/?page_id=11129\",\"name\":\"PATINETES ELECTRICOS - Taller de Reparaci\u00f3n de patinetes\",\"isPartOf\":{\"@id\":\"https:\/\/www.burritabike.com\/#website\"},\"datePublished\":\"2023-02-15T16:45:28+00:00\",\"dateModified\":\"2024-10-18T10:32:47+00:00\",\"description\":\"Ponemos a tu disposici\u00f3n un taller especializado en reparaci\u00f3n y puesta a punto de todo tipo de patinetes el\u00e9ctricos.\",\"breadcrumb\":{\"@id\":\"https:\/\/www.burritabike.com\/?page_id=11129#breadcrumb\"},\"inLanguage\":\"es\",\"potentialAction\":[{\"@type\":\"ReadAction\",\"target\":[\"https:\/\/www.burritabike.com\/?page_id=11129\"]}]},{\"@type\":\"BreadcrumbList\",\"@id\":\"https:\/\/www.burritabike.com\/?page_id=11129#breadcrumb\",\"itemListElement\":[{\"@type\":\"ListItem\",\"position\":1,\"name\":\"Portada\",\"item\":\"https:\/\/www.burritabike.com\/\"},{\"@type\":\"ListItem\",\"position\":2,\"name\":\"PATINETES ELECTRICOS\"}]},{\"@type\":\"WebSite\",\"@id\":\"https:\/\/www.burritabike.com\/#website\",\"url\":\"https:\/\/www.burritabike.com\/\",\"name\":\"Burrita Bike Store\",\"description\":\"Pasi\u00f3n por el Ciclismo\",\"publisher\":{\"@id\":\"https:\/\/www.burritabike.com\/#organization\"},\"potentialAction\":[{\"@type\":\"SearchAction\",\"target\":{\"@type\":\"EntryPoint\",\"urlTemplate\":\"https:\/\/www.burritabike.com\/?s={search_term_string}\"},\"query-input\":\"required name=search_term_string\"}],\"inLanguage\":\"es\"},{\"@type\":\"Organization\",\"@id\":\"https:\/\/www.burritabike.com\/#organization\",\"name\":\"BURRITA BIKE STORE\",\"url\":\"https:\/\/www.burritabike.com\/\",\"logo\":{\"@type\":\"ImageObject\",\"inLanguage\":\"es\",\"@id\":\"https:\/\/www.burritabike.com\/#\/schema\/logo\/image\/\",\"url\":\"https:\/\/www.burritabike.com\/wp-content\/uploads\/2019\/03\/logo-burrita-completo-con-copyrigth.jpg\",\"contentUrl\":\"https:\/\/www.burritabike.com\/wp-content\/uploads\/2019\/03\/logo-burrita-completo-con-copyrigth.jpg\",\"width\":908,\"height\":845,\"caption\":\"BURRITA BIKE STORE\"},\"image\":{\"@id\":\"https:\/\/www.burritabike.com\/#\/schema\/logo\/image\/\"},\"sameAs\":[\"https:\/\/www.instagram.com\/burritabike\/\",\"https:\/\/www.facebook.com\/Burrita-Bike-175649685843399\/\",\"https:\/\/twitter.com\/burritabike\"]}]}<\/script>\n<!-- \/ Yoast SEO plugin. -->","yoast_head_json":{"title":"PATINETES ELECTRICOS - Taller de Reparaci\u00f3n de patinetes","description":"Ponemos a tu disposici\u00f3n un taller especializado en reparaci\u00f3n y puesta a punto de todo tipo de patinetes el\u00e9ctricos.","robots":{"index":"index","follow":"follow","max-snippet":"max-snippet:-1","max-image-preview":"max-image-preview:large","max-video-preview":"max-video-preview:-1"},"canonical":"https:\/\/www.burritabike.com\/?page_id=11129","og_locale":"es_ES","og_type":"article","og_title":"PATINETES ELECTRICOS - Taller de Reparaci\u00f3n de patinetes","og_description":"Ponemos a tu disposici\u00f3n un taller especializado en reparaci\u00f3n y puesta a punto de todo tipo de patinetes el\u00e9ctricos.","og_url":"https:\/\/www.burritabike.com\/?page_id=11129","og_site_name":"Burrita Bike Store","article_publisher":"https:\/\/www.facebook.com\/Burrita-Bike-175649685843399\/","article_modified_time":"2024-10-18T10:32:47+00:00","og_image":[{"width":553,"height":459,"url":"https:\/\/www.burritabike.com\/wp-content\/uploads\/2023\/02\/Sin-titulo.png","type":"image\/png"}],"twitter_card":"summary_large_image","twitter_site":"@burritabike","twitter_misc":{"Tiempo de lectura":"1 minuto"},"schema":{"@context":"https:\/\/schema.org","@graph":[{"@type":"WebPage","@id":"https:\/\/www.burritabike.com\/?page_id=11129","url":"https:\/\/www.burritabike.com\/?page_id=11129","name":"PATINETES ELECTRICOS - Taller de Reparaci\u00f3n de patinetes","isPartOf":{"@id":"https:\/\/www.burritabike.com\/#website"},"datePublished":"2023-02-15T16:45:28+00:00","dateModified":"2024-10-18T10:32:47+00:00","description":"Ponemos a tu disposici\u00f3n un taller especializado en reparaci\u00f3n y puesta a punto de todo tipo de patinetes el\u00e9ctricos.","breadcrumb":{"@id":"https:\/\/www.burritabike.com\/?page_id=11129#breadcrumb"},"inLanguage":"es","potentialAction":[{"@type":"ReadAction","target":["https:\/\/www.burritabike.com\/?page_id=11129"]}]},{"@type":"BreadcrumbList","@id":"https:\/\/www.burritabike.com\/?page_id=11129#breadcrumb","itemListElement":[{"@type":"ListItem","position":1,"name":"Portada","item":"https:\/\/www.burritabike.com\/"},{"@type":"ListItem","position":2,"name":"PATINETES ELECTRICOS"}]},{"@type":"WebSite","@id":"https:\/\/www.burritabike.com\/#website","url":"https:\/\/www.burritabike.com\/","name":"Burrita Bike Store","description":"Pasi\u00f3n por el Ciclismo","publisher":{"@id":"https:\/\/www.burritabike.com\/#organization"},"potentialAction":[{"@type":"SearchAction","target":{"@type":"EntryPoint","urlTemplate":"https:\/\/www.burritabike.com\/?s={search_term_string}"},"query-input":"required name=search_term_string"}],"inLanguage":"es"},{"@type":"Organization","@id":"https:\/\/www.burritabike.com\/#organization","name":"BURRITA BIKE STORE","url":"https:\/\/www.burritabike.com\/","logo":{"@type":"ImageObject","inLanguage":"es","@id":"https:\/\/www.burritabike.com\/#\/schema\/logo\/image\/","url":"https:\/\/www.burritabike.com\/wp-content\/uploads\/2019\/03\/logo-burrita-completo-con-copyrigth.jpg","contentUrl":"https:\/\/www.burritabike.com\/wp-content\/uploads\/2019\/03\/logo-burrita-completo-con-copyrigth.jpg","width":908,"height":845,"caption":"BURRITA BIKE STORE"},"image":{"@id":"https:\/\/www.burritabike.com\/#\/schema\/logo\/image\/"},"sameAs":["https:\/\/www.instagram.com\/burritabike\/","https:\/\/www.facebook.com\/Burrita-Bike-175649685843399\/","https:\/\/twitter.com\/burritabike"]}]}},"_links":{"self":[{"href":"https:\/\/www.burritabike.com\/index.php?rest_route=\/wp\/v2\/pages\/11129"}],"collection":[{"href":"https:\/\/www.burritabike.com\/index.php?rest_route=\/wp\/v2\/pages"}],"about":[{"href":"https:\/\/www.burritabike.com\/index.php?rest_route=\/wp\/v2\/types\/page"}],"author":[{"embeddable":true,"href":"https:\/\/www.burritabike.com\/index.php?rest_route=\/wp\/v2\/users\/3"}],"replies":[{"embeddable":true,"href":"https:\/\/www.burritabike.com\/index.php?rest_route=%2Fwp%2Fv2%2Fcomments&post=11129"}],"version-history":[{"count":4,"href":"https:\/\/www.burritabike.com\/index.php?rest_route=\/wp\/v2\/pages\/11129\/revisions"}],"predecessor-version":[{"id":11323,"href":"https:\/\/www.burritabike.com\/index.php?rest_route=\/wp\/v2\/pages\/11129\/revisions\/11323"}],"wp:featuredmedia":[{"embeddable":true,"href":"https:\/\/www.burritabike.com\/index.php?rest_route=\/wp\/v2\/media\/11130"}],"wp:attachment":[{"href":"https:\/\/www.burritabike.com\/index.php?rest_route=%2Fwp%2Fv2%2Fmedia&parent=11129"}],"curies":[{"name":"wp","href":"https:\/\/api.w.org\/{rel}","templated":true}]}}