{"id":11093,"date":"2023-02-15T15:01:19","date_gmt":"2023-02-15T15:01:19","guid":{"rendered":"https:\/\/www.burritabike.com\/?page_id=11093"},"modified":"2023-04-11T15:50:18","modified_gmt":"2023-04-11T15:50:18","slug":"tu-tienda-especializada-en-ciclismo","status":"publish","type":"page","link":"https:\/\/www.burritabike.com\/?page_id=11093","title":{"rendered":"Burrita Bike Store"},"content":{"rendered":"\n<p><strong>Tu tienda de confianza especializada en ciclismo<\/strong>. Ponemos a tu disposici\u00f3n los productos y componentes  que necesitas, adem\u00e1s de los \u00faltimos modelos de bicicletas de nuestras marcas. <\/p>\n\n\n\n<p>Distribuidor oficial de <a href=\"https:\/\/wilier.com\/es\" target=\"_blank\" rel=\"noreferrer noopener\">Wilier Triestina<\/a>, <a href=\"https:\/\/kross-europe.eu\/\" target=\"_blank\" rel=\"noreferrer noopener\">Kross<\/a>, <a href=\"https:\/\/berriabikes.com\/es\/\" target=\"_blank\" rel=\"noreferrer noopener\">Berria<\/a>, entre otras marcas.<\/p>\n\n\n\n<p><strong>\u00bfNecesitas un taller profesional en reparaci\u00f3n de bicicletas o patinetes el\u00e9ctricos? <\/strong>\u00bfQuieres realizar una revisi\u00f3n general a tu bici o reparar ese ruido que te molesta en cada ruta?&nbsp;Los mejores especialistas y mec\u00e1nicos expertos en reparaci\u00f3n de bicicletas, en constante formaci\u00f3n y con certificaci\u00f3n oficial, se encargar\u00e1n de todo.<\/p>\n\n\n\n<p>La reparaci\u00f3n en nuestro taller se realiza por profesionales del sector expertos en mec\u00e1nica as\u00ed como en ciclismo. Ciclistas c\u00f3mo t\u00fa, que resolver\u00e1n cualquier duda que tengas y con la seguridad de dejar tu bici en buenas manos, en tu tienda de confianza.<\/p>\n\n\n\n<p>\u00a1No esperes m\u00e1s y disfruta de tu deporte favorito!<\/p>\n\n\n\n<p><\/p>\n\n\n\n<p><\/p>\n","protected":false},"excerpt":{"rendered":"<p>Tu tienda de confianza especializada en ciclismo. Ponemos a tu disposici\u00f3n los productos y componentes que necesitas, adem\u00e1s de los \u00faltimos modelos de bicicletas de nuestras marcas. Distribuidor oficial de Wilier Triestina, Kross, Berria, entre otras marcas. \u00bfNecesitas un taller profesional en reparaci\u00f3n de bicicletas o patinetes el\u00e9ctricos? \u00bfQuieres realizar una revisi\u00f3n general a tu [&hellip;]<\/p>\n","protected":false},"author":1,"featured_media":11051,"parent":0,"menu_order":0,"comment_status":"closed","ping_status":"closed","template":"","meta":{"_mi_skip_tracking":false,"_themeisle_gutenberg_block_has_review":false},"yoast_head":"<!-- This site is optimized with the Yoast SEO plugin v19.14 - https:\/\/yoast.com\/wordpress\/plugins\/seo\/ -->\n<title>Burrita Bike Store - Tu tienda y taller especializados en ciclismo<\/title>\n<meta name=\"description\" content=\"Tu tienda de confianza especializada en Ciclismo. Taller y Servicio T\u00e9cnico de bicicletas y patinetes el\u00e9ctricos.\" \/>\n<meta name=\"robots\" content=\"index, follow, max-snippet:-1, max-image-preview:large, max-video-preview:-1\" \/>\n<link rel=\"canonical\" href=\"https:\/\/www.burritabike.com\/?page_id=11093\" \/>\n<meta property=\"og:locale\" content=\"es_ES\" \/>\n<meta property=\"og:type\" content=\"article\" \/>\n<meta property=\"og:title\" content=\"Burrita Bike Store - Tu tienda y taller especializados en ciclismo\" \/>\n<meta property=\"og:description\" content=\"Tu tienda de confianza especializada en Ciclismo. Taller y Servicio T\u00e9cnico de bicicletas y patinetes el\u00e9ctricos.\" \/>\n<meta property=\"og:url\" content=\"https:\/\/www.burritabike.com\/?page_id=11093\" \/>\n<meta property=\"og:site_name\" content=\"Burrita Bike Store\" \/>\n<meta property=\"article:publisher\" content=\"https:\/\/www.facebook.com\/Burrita-Bike-175649685843399\/\" \/>\n<meta property=\"article:modified_time\" content=\"2023-04-11T15:50:18+00:00\" \/>\n<meta property=\"og:image\" content=\"https:\/\/www.burritabike.com\/wp-content\/uploads\/2023\/02\/wilier-zero-team-astana-2023.jpg\" \/>\n\t<meta property=\"og:image:width\" content=\"1024\" \/>\n\t<meta property=\"og:image:height\" content=\"600\" \/>\n\t<meta property=\"og:image:type\" content=\"image\/jpeg\" \/>\n<meta name=\"twitter:card\" content=\"summary_large_image\" \/>\n<meta name=\"twitter:site\" content=\"@burritabike\" \/>\n<meta name=\"twitter:label1\" content=\"Tiempo de lectura\" \/>\n\t<meta name=\"twitter:data1\" content=\"1 minuto\" \/>\n<script type=\"application\/ld+json\" class=\"yoast-schema-graph\">{\"@context\":\"https:\/\/schema.org\",\"@graph\":[{\"@type\":\"WebPage\",\"@id\":\"https:\/\/www.burritabike.com\/?page_id=11093\",\"url\":\"https:\/\/www.burritabike.com\/?page_id=11093\",\"name\":\"Burrita Bike Store - Tu tienda y taller especializados en ciclismo\",\"isPartOf\":{\"@id\":\"https:\/\/www.burritabike.com\/#website\"},\"datePublished\":\"2023-02-15T15:01:19+00:00\",\"dateModified\":\"2023-04-11T15:50:18+00:00\",\"description\":\"Tu tienda de confianza especializada en Ciclismo. Taller y Servicio T\u00e9cnico de bicicletas y patinetes el\u00e9ctricos.\",\"breadcrumb\":{\"@id\":\"https:\/\/www.burritabike.com\/?page_id=11093#breadcrumb\"},\"inLanguage\":\"es\",\"potentialAction\":[{\"@type\":\"ReadAction\",\"target\":[\"https:\/\/www.burritabike.com\/?page_id=11093\"]}]},{\"@type\":\"BreadcrumbList\",\"@id\":\"https:\/\/www.burritabike.com\/?page_id=11093#breadcrumb\",\"itemListElement\":[{\"@type\":\"ListItem\",\"position\":1,\"name\":\"Portada\",\"item\":\"https:\/\/www.burritabike.com\/\"},{\"@type\":\"ListItem\",\"position\":2,\"name\":\"Burrita Bike Store\"}]},{\"@type\":\"WebSite\",\"@id\":\"https:\/\/www.burritabike.com\/#website\",\"url\":\"https:\/\/www.burritabike.com\/\",\"name\":\"Burrita Bike Store\",\"description\":\"Pasi\u00f3n por el Ciclismo\",\"publisher\":{\"@id\":\"https:\/\/www.burritabike.com\/#organization\"},\"potentialAction\":[{\"@type\":\"SearchAction\",\"target\":{\"@type\":\"EntryPoint\",\"urlTemplate\":\"https:\/\/www.burritabike.com\/?s={search_term_string}\"},\"query-input\":\"required name=search_term_string\"}],\"inLanguage\":\"es\"},{\"@type\":\"Organization\",\"@id\":\"https:\/\/www.burritabike.com\/#organization\",\"name\":\"BURRITA BIKE STORE\",\"url\":\"https:\/\/www.burritabike.com\/\",\"logo\":{\"@type\":\"ImageObject\",\"inLanguage\":\"es\",\"@id\":\"https:\/\/www.burritabike.com\/#\/schema\/logo\/image\/\",\"url\":\"https:\/\/www.burritabike.com\/wp-content\/uploads\/2019\/03\/logo-burrita-completo-con-copyrigth.jpg\",\"contentUrl\":\"https:\/\/www.burritabike.com\/wp-content\/uploads\/2019\/03\/logo-burrita-completo-con-copyrigth.jpg\",\"width\":908,\"height\":845,\"caption\":\"BURRITA BIKE STORE\"},\"image\":{\"@id\":\"https:\/\/www.burritabike.com\/#\/schema\/logo\/image\/\"},\"sameAs\":[\"https:\/\/www.instagram.com\/burritabike\/\",\"https:\/\/www.facebook.com\/Burrita-Bike-175649685843399\/\",\"https:\/\/twitter.com\/burritabike\"]}]}<\/script>\n<!-- \/ Yoast SEO plugin. -->","yoast_head_json":{"title":"Burrita Bike Store - Tu tienda y taller especializados en ciclismo","description":"Tu tienda de confianza especializada en Ciclismo. Taller y Servicio T\u00e9cnico de bicicletas y patinetes el\u00e9ctricos.","robots":{"index":"index","follow":"follow","max-snippet":"max-snippet:-1","max-image-preview":"max-image-preview:large","max-video-preview":"max-video-preview:-1"},"canonical":"https:\/\/www.burritabike.com\/?page_id=11093","og_locale":"es_ES","og_type":"article","og_title":"Burrita Bike Store - Tu tienda y taller especializados en ciclismo","og_description":"Tu tienda de confianza especializada en Ciclismo. Taller y Servicio T\u00e9cnico de bicicletas y patinetes el\u00e9ctricos.","og_url":"https:\/\/www.burritabike.com\/?page_id=11093","og_site_name":"Burrita Bike Store","article_publisher":"https:\/\/www.facebook.com\/Burrita-Bike-175649685843399\/","article_modified_time":"2023-04-11T15:50:18+00:00","og_image":[{"width":1024,"height":600,"url":"https:\/\/www.burritabike.com\/wp-content\/uploads\/2023\/02\/wilier-zero-team-astana-2023.jpg","type":"image\/jpeg"}],"twitter_card":"summary_large_image","twitter_site":"@burritabike","twitter_misc":{"Tiempo de lectura":"1 minuto"},"schema":{"@context":"https:\/\/schema.org","@graph":[{"@type":"WebPage","@id":"https:\/\/www.burritabike.com\/?page_id=11093","url":"https:\/\/www.burritabike.com\/?page_id=11093","name":"Burrita Bike Store - Tu tienda y taller especializados en ciclismo","isPartOf":{"@id":"https:\/\/www.burritabike.com\/#website"},"datePublished":"2023-02-15T15:01:19+00:00","dateModified":"2023-04-11T15:50:18+00:00","description":"Tu tienda de confianza especializada en Ciclismo. Taller y Servicio T\u00e9cnico de bicicletas y patinetes el\u00e9ctricos.","breadcrumb":{"@id":"https:\/\/www.burritabike.com\/?page_id=11093#breadcrumb"},"inLanguage":"es","potentialAction":[{"@type":"ReadAction","target":["https:\/\/www.burritabike.com\/?page_id=11093"]}]},{"@type":"BreadcrumbList","@id":"https:\/\/www.burritabike.com\/?page_id=11093#breadcrumb","itemListElement":[{"@type":"ListItem","position":1,"name":"Portada","item":"https:\/\/www.burritabike.com\/"},{"@type":"ListItem","position":2,"name":"Burrita Bike Store"}]},{"@type":"WebSite","@id":"https:\/\/www.burritabike.com\/#website","url":"https:\/\/www.burritabike.com\/","name":"Burrita Bike Store","description":"Pasi\u00f3n por el Ciclismo","publisher":{"@id":"https:\/\/www.burritabike.com\/#organization"},"potentialAction":[{"@type":"SearchAction","target":{"@type":"EntryPoint","urlTemplate":"https:\/\/www.burritabike.com\/?s={search_term_string}"},"query-input":"required name=search_term_string"}],"inLanguage":"es"},{"@type":"Organization","@id":"https:\/\/www.burritabike.com\/#organization","name":"BURRITA BIKE STORE","url":"https:\/\/www.burritabike.com\/","logo":{"@type":"ImageObject","inLanguage":"es","@id":"https:\/\/www.burritabike.com\/#\/schema\/logo\/image\/","url":"https:\/\/www.burritabike.com\/wp-content\/uploads\/2019\/03\/logo-burrita-completo-con-copyrigth.jpg","contentUrl":"https:\/\/www.burritabike.com\/wp-content\/uploads\/2019\/03\/logo-burrita-completo-con-copyrigth.jpg","width":908,"height":845,"caption":"BURRITA BIKE STORE"},"image":{"@id":"https:\/\/www.burritabike.com\/#\/schema\/logo\/image\/"},"sameAs":["https:\/\/www.instagram.com\/burritabike\/","https:\/\/www.facebook.com\/Burrita-Bike-175649685843399\/","https:\/\/twitter.com\/burritabike"]}]}},"_links":{"self":[{"href":"https:\/\/www.burritabike.com\/index.php?rest_route=\/wp\/v2\/pages\/11093"}],"collection":[{"href":"https:\/\/www.burritabike.com\/index.php?rest_route=\/wp\/v2\/pages"}],"about":[{"href":"https:\/\/www.burritabike.com\/index.php?rest_route=\/wp\/v2\/types\/page"}],"author":[{"embeddable":true,"href":"https:\/\/www.burritabike.com\/index.php?rest_route=\/wp\/v2\/users\/1"}],"replies":[{"embeddable":true,"href":"https:\/\/www.burritabike.com\/index.php?rest_route=%2Fwp%2Fv2%2Fcomments&post=11093"}],"version-history":[{"count":20,"href":"https:\/\/www.burritabike.com\/index.php?rest_route=\/wp\/v2\/pages\/11093\/revisions"}],"predecessor-version":[{"id":11287,"href":"https:\/\/www.burritabike.com\/index.php?rest_route=\/wp\/v2\/pages\/11093\/revisions\/11287"}],"wp:featuredmedia":[{"embeddable":true,"href":"https:\/\/www.burritabike.com\/index.php?rest_route=\/wp\/v2\/media\/11051"}],"wp:attachment":[{"href":"https:\/\/www.burritabike.com\/index.php?rest_route=%2Fwp%2Fv2%2Fmedia&parent=11093"}],"curies":[{"name":"wp","href":"https:\/\/api.w.org\/{rel}","templated":true}]}}