{"id":10182,"date":"2021-02-09T11:21:08","date_gmt":"2021-02-09T11:21:08","guid":{"rendered":"https:\/\/www.burritabike.com\/?page_id=10182"},"modified":"2023-03-16T17:52:15","modified_gmt":"2023-03-16T17:52:15","slug":"diseno-de-equipaciones","status":"publish","type":"page","link":"https:\/\/www.burritabike.com\/?page_id=10182","title":{"rendered":"DISE\u00d1O DE EQUIPACIONES"},"content":{"rendered":"\n<p>\u00bf Tienes un Club y quiere personalizar tu estilo sobre ruedas? Nuestro equipo de dise\u00f1adores, har\u00e1 realidad la equipaci\u00f3n perfecta para t\u00ed.<\/p>\n\n\n\n<p>Nuestras equipaciones destacan por su reconocida calidad y por la innovaci\u00f3n tecnol\u00f3gica en el proceso de producci\u00f3n de los tejidos y dise\u00f1os.<\/p>\n\n\n\n<p>Desde nuestro Departamento de Dise\u00f1o, ofrecemos soluciones a medida para equipamiento deportivo y equipaciones. Un equipo de dise\u00f1adores, har\u00e1 realidad la equipaci\u00f3n que tienes en mente; as\u00ed  conseguir\u00e1s una equipaci\u00f3n exclusiva y de dise\u00f1o \u00fanico.<\/p>\n\n\n\n<figure class=\"wp-block-image size-large\"><a href=\"https:\/\/www.burritabike.com\/wp-content\/uploads\/2023\/03\/los-alores.png\"><img decoding=\"async\" loading=\"lazy\" width=\"1024\" height=\"576\" src=\"https:\/\/www.burritabike.com\/wp-content\/uploads\/2023\/03\/los-alores-1024x576.png\" alt=\"\" class=\"wp-image-11261\" srcset=\"https:\/\/www.burritabike.com\/wp-content\/uploads\/2023\/03\/los-alores-1024x576.png 1024w, https:\/\/www.burritabike.com\/wp-content\/uploads\/2023\/03\/los-alores-300x169.png 300w, https:\/\/www.burritabike.com\/wp-content\/uploads\/2023\/03\/los-alores-768x432.png 768w, https:\/\/www.burritabike.com\/wp-content\/uploads\/2023\/03\/los-alores.png 1366w\" sizes=\"(max-width: 1024px) 100vw, 1024px\" \/><\/a><\/figure>\n\n\n\n<figure class=\"wp-block-image size-large\"><a href=\"https:\/\/www.burritabike.com\/wp-content\/uploads\/2023\/03\/bb.png\"><img decoding=\"async\" loading=\"lazy\" width=\"1024\" height=\"576\" src=\"https:\/\/www.burritabike.com\/wp-content\/uploads\/2023\/03\/bb-1024x576.png\" alt=\"\" class=\"wp-image-11262\" srcset=\"https:\/\/www.burritabike.com\/wp-content\/uploads\/2023\/03\/bb-1024x576.png 1024w, https:\/\/www.burritabike.com\/wp-content\/uploads\/2023\/03\/bb-300x169.png 300w, https:\/\/www.burritabike.com\/wp-content\/uploads\/2023\/03\/bb-768x432.png 768w, https:\/\/www.burritabike.com\/wp-content\/uploads\/2023\/03\/bb.png 1366w\" sizes=\"(max-width: 1024px) 100vw, 1024px\" \/><\/a><\/figure>\n\n\n\n<figure class=\"wp-block-gallery has-nested-images columns-default is-cropped wp-block-gallery-1 is-layout-flex\">\n<figure class=\"wp-block-image size-full\"><a href=\"https:\/\/www.burritabike.com\/wp-content\/uploads\/2019\/09\/Imagen2-1.png\"><img decoding=\"async\" loading=\"lazy\" width=\"834\" height=\"752\" data-id=\"9966\"  src=\"https:\/\/www.burritabike.com\/wp-content\/uploads\/2019\/09\/Imagen2-1.png\" alt=\"\" class=\"wp-image-9966\" srcset=\"https:\/\/www.burritabike.com\/wp-content\/uploads\/2019\/09\/Imagen2-1.png 834w, https:\/\/www.burritabike.com\/wp-content\/uploads\/2019\/09\/Imagen2-1-300x271.png 300w, https:\/\/www.burritabike.com\/wp-content\/uploads\/2019\/09\/Imagen2-1-768x692.png 768w\" sizes=\"(max-width: 834px) 100vw, 834px\" \/><\/a><\/figure>\n\n\n\n<figure class=\"wp-block-image size-full\"><a href=\"https:\/\/www.burritabike.com\/wp-content\/uploads\/2019\/09\/Imagen4.png\"><img decoding=\"async\" loading=\"lazy\" width=\"728\" height=\"717\" data-id=\"9965\"  src=\"https:\/\/www.burritabike.com\/wp-content\/uploads\/2019\/09\/Imagen4.png\" alt=\"\" class=\"wp-image-9965\" srcset=\"https:\/\/www.burritabike.com\/wp-content\/uploads\/2019\/09\/Imagen4.png 728w, https:\/\/www.burritabike.com\/wp-content\/uploads\/2019\/09\/Imagen4-300x295.png 300w\" sizes=\"(max-width: 728px) 100vw, 728px\" \/><\/a><\/figure>\n\n\n\n<figure class=\"wp-block-image size-full\"><a href=\"https:\/\/www.burritabike.com\/wp-content\/uploads\/2019\/09\/Imagen3.png\"><img decoding=\"async\" loading=\"lazy\" width=\"752\" height=\"740\" data-id=\"9964\"  src=\"https:\/\/www.burritabike.com\/wp-content\/uploads\/2019\/09\/Imagen3.png\" alt=\"\" class=\"wp-image-9964\" srcset=\"https:\/\/www.burritabike.com\/wp-content\/uploads\/2019\/09\/Imagen3.png 752w, https:\/\/www.burritabike.com\/wp-content\/uploads\/2019\/09\/Imagen3-300x295.png 300w\" sizes=\"(max-width: 752px) 100vw, 752px\" \/><\/a><\/figure>\n\n\n\n<figure class=\"wp-block-image size-full\"><a href=\"https:\/\/www.burritabike.com\/wp-content\/uploads\/2019\/09\/Imagen2.png\"><img decoding=\"async\" loading=\"lazy\" width=\"834\" height=\"752\" data-id=\"9963\"  src=\"https:\/\/www.burritabike.com\/wp-content\/uploads\/2019\/09\/Imagen2.png\" alt=\"\" class=\"wp-image-9963\" srcset=\"https:\/\/www.burritabike.com\/wp-content\/uploads\/2019\/09\/Imagen2.png 834w, https:\/\/www.burritabike.com\/wp-content\/uploads\/2019\/09\/Imagen2-300x271.png 300w, https:\/\/www.burritabike.com\/wp-content\/uploads\/2019\/09\/Imagen2-768x692.png 768w\" sizes=\"(max-width: 834px) 100vw, 834px\" \/><\/a><\/figure>\n\n\n\n<figure class=\"wp-block-image size-full\"><a href=\"https:\/\/www.burritabike.com\/wp-content\/uploads\/2019\/09\/Imagen1.png\"><img decoding=\"async\" loading=\"lazy\" width=\"881\" height=\"717\" data-id=\"9962\"  src=\"https:\/\/www.burritabike.com\/wp-content\/uploads\/2019\/09\/Imagen1.png\" alt=\"\" class=\"wp-image-9962\" srcset=\"https:\/\/www.burritabike.com\/wp-content\/uploads\/2019\/09\/Imagen1.png 881w, https:\/\/www.burritabike.com\/wp-content\/uploads\/2019\/09\/Imagen1-300x244.png 300w, https:\/\/www.burritabike.com\/wp-content\/uploads\/2019\/09\/Imagen1-768x625.png 768w\" sizes=\"(max-width: 881px) 100vw, 881px\" \/><\/a><\/figure>\n\n\n\n<figure class=\"wp-block-image size-full\"><a href=\"https:\/\/www.burritabike.com\/wp-content\/uploads\/2018\/10\/05428_fr_600x600.jpg\"><img decoding=\"async\" loading=\"lazy\" width=\"600\" height=\"600\" data-id=\"9812\"  src=\"https:\/\/www.burritabike.com\/wp-content\/uploads\/2018\/10\/05428_fr_600x600.jpg\" alt=\"\" class=\"wp-image-9812\" srcset=\"https:\/\/www.burritabike.com\/wp-content\/uploads\/2018\/10\/05428_fr_600x600.jpg 600w, https:\/\/www.burritabike.com\/wp-content\/uploads\/2018\/10\/05428_fr_600x600-150x150.jpg 150w, https:\/\/www.burritabike.com\/wp-content\/uploads\/2018\/10\/05428_fr_600x600-300x300.jpg 300w, https:\/\/www.burritabike.com\/wp-content\/uploads\/2018\/10\/05428_fr_600x600-144x144.jpg 144w\" sizes=\"(max-width: 600px) 100vw, 600px\" \/><\/a><\/figure>\n\n\n\n<figure class=\"wp-block-image size-full\"><a href=\"https:\/\/www.burritabike.com\/wp-content\/uploads\/2018\/10\/adventure-1.jpg\"><img decoding=\"async\" loading=\"lazy\" width=\"600\" height=\"600\" data-id=\"9810\"  src=\"https:\/\/www.burritabike.com\/wp-content\/uploads\/2018\/10\/adventure-1.jpg\" alt=\"\" class=\"wp-image-9810\" srcset=\"https:\/\/www.burritabike.com\/wp-content\/uploads\/2018\/10\/adventure-1.jpg 600w, https:\/\/www.burritabike.com\/wp-content\/uploads\/2018\/10\/adventure-1-150x150.jpg 150w, https:\/\/www.burritabike.com\/wp-content\/uploads\/2018\/10\/adventure-1-300x300.jpg 300w, https:\/\/www.burritabike.com\/wp-content\/uploads\/2018\/10\/adventure-1-144x144.jpg 144w\" sizes=\"(max-width: 600px) 100vw, 600px\" \/><\/a><\/figure>\n<\/figure>\n","protected":false},"excerpt":{"rendered":"<p>\u00bf Tienes un Club y quiere personalizar tu estilo sobre ruedas? Nuestro equipo de dise\u00f1adores, har\u00e1 realidad la equipaci\u00f3n perfecta para t\u00ed. Nuestras equipaciones destacan por su reconocida calidad y por la innovaci\u00f3n tecnol\u00f3gica en el proceso de producci\u00f3n de los tejidos y dise\u00f1os. Desde nuestro Departamento de Dise\u00f1o, ofrecemos soluciones a medida para equipamiento [&hellip;]<\/p>\n","protected":false},"author":3,"featured_media":10195,"parent":0,"menu_order":0,"comment_status":"closed","ping_status":"closed","template":"","meta":{"_mi_skip_tracking":false,"_themeisle_gutenberg_block_has_review":false},"yoast_head":"<!-- This site is optimized with the Yoast SEO plugin v19.14 - https:\/\/yoast.com\/wordpress\/plugins\/seo\/ -->\n<title>DISE\u00d1O DE EQUIPACIONES - Burrita Bike Store<\/title>\n<meta name=\"robots\" content=\"index, follow, max-snippet:-1, max-image-preview:large, max-video-preview:-1\" \/>\n<link rel=\"canonical\" href=\"https:\/\/www.burritabike.com\/?page_id=10182\" \/>\n<meta property=\"og:locale\" content=\"es_ES\" \/>\n<meta property=\"og:type\" content=\"article\" \/>\n<meta property=\"og:title\" content=\"DISE\u00d1O DE EQUIPACIONES - Burrita Bike Store\" \/>\n<meta property=\"og:description\" content=\"\u00bf Tienes un Club y quiere personalizar tu estilo sobre ruedas? Nuestro equipo de dise\u00f1adores, har\u00e1 realidad la equipaci\u00f3n perfecta para t\u00ed. Nuestras equipaciones destacan por su reconocida calidad y por la innovaci\u00f3n tecnol\u00f3gica en el proceso de producci\u00f3n de los tejidos y dise\u00f1os. Desde nuestro Departamento de Dise\u00f1o, ofrecemos soluciones a medida para equipamiento [&hellip;]\" \/>\n<meta property=\"og:url\" content=\"https:\/\/www.burritabike.com\/?page_id=10182\" \/>\n<meta property=\"og:site_name\" content=\"Burrita Bike Store\" \/>\n<meta property=\"article:publisher\" content=\"https:\/\/www.facebook.com\/Burrita-Bike-175649685843399\/\" \/>\n<meta property=\"article:modified_time\" content=\"2023-03-16T17:52:15+00:00\" \/>\n<meta property=\"og:image\" content=\"https:\/\/www.burritabike.com\/wp-content\/uploads\/2021\/02\/100713622_3783336895074642_98249910926704640_o.jpg\" \/>\n\t<meta property=\"og:image:width\" content=\"1440\" \/>\n\t<meta property=\"og:image:height\" content=\"1440\" \/>\n\t<meta property=\"og:image:type\" content=\"image\/jpeg\" \/>\n<meta name=\"twitter:card\" content=\"summary_large_image\" \/>\n<meta name=\"twitter:site\" content=\"@burritabike\" \/>\n<meta name=\"twitter:label1\" content=\"Tiempo de lectura\" \/>\n\t<meta name=\"twitter:data1\" content=\"3 minutos\" \/>\n<script type=\"application\/ld+json\" class=\"yoast-schema-graph\">{\"@context\":\"https:\/\/schema.org\",\"@graph\":[{\"@type\":\"WebPage\",\"@id\":\"https:\/\/www.burritabike.com\/?page_id=10182\",\"url\":\"https:\/\/www.burritabike.com\/?page_id=10182\",\"name\":\"DISE\u00d1O DE EQUIPACIONES - Burrita Bike Store\",\"isPartOf\":{\"@id\":\"https:\/\/www.burritabike.com\/#website\"},\"datePublished\":\"2021-02-09T11:21:08+00:00\",\"dateModified\":\"2023-03-16T17:52:15+00:00\",\"breadcrumb\":{\"@id\":\"https:\/\/www.burritabike.com\/?page_id=10182#breadcrumb\"},\"inLanguage\":\"es\",\"potentialAction\":[{\"@type\":\"ReadAction\",\"target\":[\"https:\/\/www.burritabike.com\/?page_id=10182\"]}]},{\"@type\":\"BreadcrumbList\",\"@id\":\"https:\/\/www.burritabike.com\/?page_id=10182#breadcrumb\",\"itemListElement\":[{\"@type\":\"ListItem\",\"position\":1,\"name\":\"Portada\",\"item\":\"https:\/\/www.burritabike.com\/\"},{\"@type\":\"ListItem\",\"position\":2,\"name\":\"DISE\u00d1O DE EQUIPACIONES\"}]},{\"@type\":\"WebSite\",\"@id\":\"https:\/\/www.burritabike.com\/#website\",\"url\":\"https:\/\/www.burritabike.com\/\",\"name\":\"Burrita Bike Store\",\"description\":\"Pasi\u00f3n por el Ciclismo\",\"publisher\":{\"@id\":\"https:\/\/www.burritabike.com\/#organization\"},\"potentialAction\":[{\"@type\":\"SearchAction\",\"target\":{\"@type\":\"EntryPoint\",\"urlTemplate\":\"https:\/\/www.burritabike.com\/?s={search_term_string}\"},\"query-input\":\"required name=search_term_string\"}],\"inLanguage\":\"es\"},{\"@type\":\"Organization\",\"@id\":\"https:\/\/www.burritabike.com\/#organization\",\"name\":\"BURRITA BIKE STORE\",\"url\":\"https:\/\/www.burritabike.com\/\",\"logo\":{\"@type\":\"ImageObject\",\"inLanguage\":\"es\",\"@id\":\"https:\/\/www.burritabike.com\/#\/schema\/logo\/image\/\",\"url\":\"https:\/\/www.burritabike.com\/wp-content\/uploads\/2019\/03\/logo-burrita-completo-con-copyrigth.jpg\",\"contentUrl\":\"https:\/\/www.burritabike.com\/wp-content\/uploads\/2019\/03\/logo-burrita-completo-con-copyrigth.jpg\",\"width\":908,\"height\":845,\"caption\":\"BURRITA BIKE STORE\"},\"image\":{\"@id\":\"https:\/\/www.burritabike.com\/#\/schema\/logo\/image\/\"},\"sameAs\":[\"https:\/\/www.instagram.com\/burritabike\/\",\"https:\/\/www.facebook.com\/Burrita-Bike-175649685843399\/\",\"https:\/\/twitter.com\/burritabike\"]}]}<\/script>\n<!-- \/ Yoast SEO plugin. -->","yoast_head_json":{"title":"DISE\u00d1O DE EQUIPACIONES - Burrita Bike Store","robots":{"index":"index","follow":"follow","max-snippet":"max-snippet:-1","max-image-preview":"max-image-preview:large","max-video-preview":"max-video-preview:-1"},"canonical":"https:\/\/www.burritabike.com\/?page_id=10182","og_locale":"es_ES","og_type":"article","og_title":"DISE\u00d1O DE EQUIPACIONES - Burrita Bike Store","og_description":"\u00bf Tienes un Club y quiere personalizar tu estilo sobre ruedas? Nuestro equipo de dise\u00f1adores, har\u00e1 realidad la equipaci\u00f3n perfecta para t\u00ed. Nuestras equipaciones destacan por su reconocida calidad y por la innovaci\u00f3n tecnol\u00f3gica en el proceso de producci\u00f3n de los tejidos y dise\u00f1os. Desde nuestro Departamento de Dise\u00f1o, ofrecemos soluciones a medida para equipamiento [&hellip;]","og_url":"https:\/\/www.burritabike.com\/?page_id=10182","og_site_name":"Burrita Bike Store","article_publisher":"https:\/\/www.facebook.com\/Burrita-Bike-175649685843399\/","article_modified_time":"2023-03-16T17:52:15+00:00","og_image":[{"width":1440,"height":1440,"url":"https:\/\/www.burritabike.com\/wp-content\/uploads\/2021\/02\/100713622_3783336895074642_98249910926704640_o.jpg","type":"image\/jpeg"}],"twitter_card":"summary_large_image","twitter_site":"@burritabike","twitter_misc":{"Tiempo de lectura":"3 minutos"},"schema":{"@context":"https:\/\/schema.org","@graph":[{"@type":"WebPage","@id":"https:\/\/www.burritabike.com\/?page_id=10182","url":"https:\/\/www.burritabike.com\/?page_id=10182","name":"DISE\u00d1O DE EQUIPACIONES - Burrita Bike Store","isPartOf":{"@id":"https:\/\/www.burritabike.com\/#website"},"datePublished":"2021-02-09T11:21:08+00:00","dateModified":"2023-03-16T17:52:15+00:00","breadcrumb":{"@id":"https:\/\/www.burritabike.com\/?page_id=10182#breadcrumb"},"inLanguage":"es","potentialAction":[{"@type":"ReadAction","target":["https:\/\/www.burritabike.com\/?page_id=10182"]}]},{"@type":"BreadcrumbList","@id":"https:\/\/www.burritabike.com\/?page_id=10182#breadcrumb","itemListElement":[{"@type":"ListItem","position":1,"name":"Portada","item":"https:\/\/www.burritabike.com\/"},{"@type":"ListItem","position":2,"name":"DISE\u00d1O DE EQUIPACIONES"}]},{"@type":"WebSite","@id":"https:\/\/www.burritabike.com\/#website","url":"https:\/\/www.burritabike.com\/","name":"Burrita Bike Store","description":"Pasi\u00f3n por el Ciclismo","publisher":{"@id":"https:\/\/www.burritabike.com\/#organization"},"potentialAction":[{"@type":"SearchAction","target":{"@type":"EntryPoint","urlTemplate":"https:\/\/www.burritabike.com\/?s={search_term_string}"},"query-input":"required name=search_term_string"}],"inLanguage":"es"},{"@type":"Organization","@id":"https:\/\/www.burritabike.com\/#organization","name":"BURRITA BIKE STORE","url":"https:\/\/www.burritabike.com\/","logo":{"@type":"ImageObject","inLanguage":"es","@id":"https:\/\/www.burritabike.com\/#\/schema\/logo\/image\/","url":"https:\/\/www.burritabike.com\/wp-content\/uploads\/2019\/03\/logo-burrita-completo-con-copyrigth.jpg","contentUrl":"https:\/\/www.burritabike.com\/wp-content\/uploads\/2019\/03\/logo-burrita-completo-con-copyrigth.jpg","width":908,"height":845,"caption":"BURRITA BIKE STORE"},"image":{"@id":"https:\/\/www.burritabike.com\/#\/schema\/logo\/image\/"},"sameAs":["https:\/\/www.instagram.com\/burritabike\/","https:\/\/www.facebook.com\/Burrita-Bike-175649685843399\/","https:\/\/twitter.com\/burritabike"]}]}},"_links":{"self":[{"href":"https:\/\/www.burritabike.com\/index.php?rest_route=\/wp\/v2\/pages\/10182"}],"collection":[{"href":"https:\/\/www.burritabike.com\/index.php?rest_route=\/wp\/v2\/pages"}],"about":[{"href":"https:\/\/www.burritabike.com\/index.php?rest_route=\/wp\/v2\/types\/page"}],"author":[{"embeddable":true,"href":"https:\/\/www.burritabike.com\/index.php?rest_route=\/wp\/v2\/users\/3"}],"replies":[{"embeddable":true,"href":"https:\/\/www.burritabike.com\/index.php?rest_route=%2Fwp%2Fv2%2Fcomments&post=10182"}],"version-history":[{"count":6,"href":"https:\/\/www.burritabike.com\/index.php?rest_route=\/wp\/v2\/pages\/10182\/revisions"}],"predecessor-version":[{"id":11263,"href":"https:\/\/www.burritabike.com\/index.php?rest_route=\/wp\/v2\/pages\/10182\/revisions\/11263"}],"wp:featuredmedia":[{"embeddable":true,"href":"https:\/\/www.burritabike.com\/index.php?rest_route=\/wp\/v2\/media\/10195"}],"wp:attachment":[{"href":"https:\/\/www.burritabike.com\/index.php?rest_route=%2Fwp%2Fv2%2Fmedia&parent=10182"}],"curies":[{"name":"wp","href":"https:\/\/api.w.org\/{rel}","templated":true}]}}