{"id":10179,"date":"2021-02-09T11:19:49","date_gmt":"2021-02-09T11:19:49","guid":{"rendered":"https:\/\/www.burritabike.com\/?page_id=10179"},"modified":"2024-10-30T10:17:04","modified_gmt":"2024-10-30T10:17:04","slug":"servicios","status":"publish","type":"page","link":"https:\/\/www.burritabike.com\/?page_id=10179","title":{"rendered":"SERVICIOS"},"content":{"rendered":"<div class=\"style-285 style-local-10179-c1 position-relative\" data-colibri-id=\"10179-c1\">\n<div id=\"custom\" class=\"h-section h-section-global-spacing d-flex align-items-lg-center align-items-md-center align-items-center style-324 style-local-10179-c2 position-relative\" data-colibri-component=\"section\" data-colibri-id=\"10179-c2\">\n<div class=\"h-section-grid-container h-section-boxed-container\">\n<div class=\"h-row-container gutters-row-lg-2 gutters-row-md-2 gutters-row-0 gutters-row-v-lg-2 gutters-row-v-md-2 gutters-row-v-2 style-325 style-local-10179-c3 position-relative\" data-colibri-id=\"10179-c3\">\n<p><span style=\"color: #202124; font-family: arial, sans-serif; font-size: 16px;\">Adem\u00e1s de disponer de un amplio cat\u00e1logo de bicicletas, ropa y otros accesorios, repuestos y herramientas, ponemos a disposici\u00f3n de nuestros clientes diferentes servicios para que disfruten al m\u00e1ximo del placer de pedalear:<\/span><\/p>\n<div class=\"h-row justify-content-lg-center justify-content-md-center justify-content-center align-items-lg-stretch align-items-md-stretch align-items-stretch gutters-col-lg-2 gutters-col-md-2 gutters-col-0 gutters-col-v-lg-2 gutters-col-v-md-2 gutters-col-v-2\">\n<div class=\"h-column h-column-container d-flex h-col-lg-auto h-col-md-auto h-col-auto style-326-outer style-local-10179-c4-outer\">\n<div class=\"d-flex h-flex-basis h-column__inner h-px-lg-2 h-px-md-2 h-px-2 v-inner-lg-2 v-inner-md-2 v-inner-2 style-326 style-local-10179-c4 position-relative\" data-colibri-id=\"10179-c4\">\n<div class=\"w-100 h-y-container h-column__content h-column__v-align flex-basis-100 align-self-lg-start align-self-md-start align-self-start\">\n<div class=\"h-lead h-text h-text-component style-327 style-local-10179-c5 position-relative h-element\" data-colibri-id=\"10179-c5\">\n<div class=\"\">\n<ul>\n<li>Servicio T\u00e9cnico Homologado.<\/li>\n<li>Taller Especializado en bicicletas y patinetes el\u00e9ctricos.<\/li>\n<li>Servicios de Financiaci\u00f3n.<\/li>\n<li>Alquiler de Bicicletas.<\/li>\n<li>Comunidad Ciclista, Club Deportivo perteneciente a la Federaci\u00f3n Andaluza de Ciclismo y punto de encuentro de fomento del ciclismo.<\/li>\n<\/ul>\n<\/div>\n<\/div>\n<\/div>\n<\/div>\n<\/div>\n<\/div>\n<\/div>\n<\/div>\n<\/div>\n<\/div>\n","protected":false},"excerpt":{"rendered":"<p>Adem\u00e1s de disponer de un amplio cat\u00e1logo de bicicletas, ropa y otros accesorios, repuestos y herramientas, ponemos a disposici\u00f3n de nuestros clientes diferentes servicios para que disfruten al m\u00e1ximo del placer de pedalear: Servicio T\u00e9cnico Homologado. Taller Especializado en bicicletas y patinetes el\u00e9ctricos. Servicios de Financiaci\u00f3n. Alquiler de Bicicletas. Comunidad Ciclista, Club Deportivo perteneciente a [&hellip;]<\/p>\n","protected":false},"author":3,"featured_media":0,"parent":0,"menu_order":0,"comment_status":"closed","ping_status":"closed","template":"page-templates\/full-width-page.php","meta":{"_mi_skip_tracking":false,"_themeisle_gutenberg_block_has_review":false},"yoast_head":"<!-- This site is optimized with the Yoast SEO plugin v19.14 - https:\/\/yoast.com\/wordpress\/plugins\/seo\/ -->\n<title>SERVICIOS - Burrita Bike Store<\/title>\n<meta name=\"robots\" content=\"index, follow, max-snippet:-1, max-image-preview:large, max-video-preview:-1\" \/>\n<link rel=\"canonical\" href=\"https:\/\/www.burritabike.com\/?page_id=10179\" \/>\n<meta property=\"og:locale\" content=\"es_ES\" \/>\n<meta property=\"og:type\" content=\"article\" \/>\n<meta property=\"og:title\" content=\"SERVICIOS - Burrita Bike Store\" \/>\n<meta property=\"og:description\" content=\"Adem\u00e1s de disponer de un amplio cat\u00e1logo de bicicletas, ropa y otros accesorios, repuestos y herramientas, ponemos a disposici\u00f3n de nuestros clientes diferentes servicios para que disfruten al m\u00e1ximo del placer de pedalear: Servicio T\u00e9cnico Homologado. Taller Especializado en bicicletas y patinetes el\u00e9ctricos. Servicios de Financiaci\u00f3n. Alquiler de Bicicletas. Comunidad Ciclista, Club Deportivo perteneciente a [&hellip;]\" \/>\n<meta property=\"og:url\" content=\"https:\/\/www.burritabike.com\/?page_id=10179\" \/>\n<meta property=\"og:site_name\" content=\"Burrita Bike Store\" \/>\n<meta property=\"article:publisher\" content=\"https:\/\/www.facebook.com\/Burrita-Bike-175649685843399\/\" \/>\n<meta property=\"article:modified_time\" content=\"2024-10-30T10:17:04+00:00\" \/>\n<meta property=\"og:image\" content=\"https:\/\/www.burritabike.com\/wp-content\/uploads\/2017\/07\/IMG_0461.jpg\" \/>\n\t<meta property=\"og:image:width\" content=\"1060\" \/>\n\t<meta property=\"og:image:height\" content=\"392\" \/>\n\t<meta property=\"og:image:type\" content=\"image\/jpeg\" \/>\n<meta name=\"twitter:card\" content=\"summary_large_image\" \/>\n<meta name=\"twitter:site\" content=\"@burritabike\" \/>\n<meta name=\"twitter:label1\" content=\"Tiempo de lectura\" \/>\n\t<meta name=\"twitter:data1\" content=\"1 minuto\" \/>\n<script type=\"application\/ld+json\" class=\"yoast-schema-graph\">{\"@context\":\"https:\/\/schema.org\",\"@graph\":[{\"@type\":\"WebPage\",\"@id\":\"https:\/\/www.burritabike.com\/?page_id=10179\",\"url\":\"https:\/\/www.burritabike.com\/?page_id=10179\",\"name\":\"SERVICIOS - Burrita Bike Store\",\"isPartOf\":{\"@id\":\"https:\/\/www.burritabike.com\/#website\"},\"datePublished\":\"2021-02-09T11:19:49+00:00\",\"dateModified\":\"2024-10-30T10:17:04+00:00\",\"breadcrumb\":{\"@id\":\"https:\/\/www.burritabike.com\/?page_id=10179#breadcrumb\"},\"inLanguage\":\"es\",\"potentialAction\":[{\"@type\":\"ReadAction\",\"target\":[\"https:\/\/www.burritabike.com\/?page_id=10179\"]}]},{\"@type\":\"BreadcrumbList\",\"@id\":\"https:\/\/www.burritabike.com\/?page_id=10179#breadcrumb\",\"itemListElement\":[{\"@type\":\"ListItem\",\"position\":1,\"name\":\"Portada\",\"item\":\"https:\/\/www.burritabike.com\/\"},{\"@type\":\"ListItem\",\"position\":2,\"name\":\"SERVICIOS\"}]},{\"@type\":\"WebSite\",\"@id\":\"https:\/\/www.burritabike.com\/#website\",\"url\":\"https:\/\/www.burritabike.com\/\",\"name\":\"Burrita Bike Store\",\"description\":\"Pasi\u00f3n por el Ciclismo\",\"publisher\":{\"@id\":\"https:\/\/www.burritabike.com\/#organization\"},\"potentialAction\":[{\"@type\":\"SearchAction\",\"target\":{\"@type\":\"EntryPoint\",\"urlTemplate\":\"https:\/\/www.burritabike.com\/?s={search_term_string}\"},\"query-input\":\"required name=search_term_string\"}],\"inLanguage\":\"es\"},{\"@type\":\"Organization\",\"@id\":\"https:\/\/www.burritabike.com\/#organization\",\"name\":\"BURRITA BIKE STORE\",\"url\":\"https:\/\/www.burritabike.com\/\",\"logo\":{\"@type\":\"ImageObject\",\"inLanguage\":\"es\",\"@id\":\"https:\/\/www.burritabike.com\/#\/schema\/logo\/image\/\",\"url\":\"https:\/\/www.burritabike.com\/wp-content\/uploads\/2019\/03\/logo-burrita-completo-con-copyrigth.jpg\",\"contentUrl\":\"https:\/\/www.burritabike.com\/wp-content\/uploads\/2019\/03\/logo-burrita-completo-con-copyrigth.jpg\",\"width\":908,\"height\":845,\"caption\":\"BURRITA BIKE STORE\"},\"image\":{\"@id\":\"https:\/\/www.burritabike.com\/#\/schema\/logo\/image\/\"},\"sameAs\":[\"https:\/\/www.instagram.com\/burritabike\/\",\"https:\/\/www.facebook.com\/Burrita-Bike-175649685843399\/\",\"https:\/\/twitter.com\/burritabike\"]}]}<\/script>\n<!-- \/ Yoast SEO plugin. -->","yoast_head_json":{"title":"SERVICIOS - Burrita Bike Store","robots":{"index":"index","follow":"follow","max-snippet":"max-snippet:-1","max-image-preview":"max-image-preview:large","max-video-preview":"max-video-preview:-1"},"canonical":"https:\/\/www.burritabike.com\/?page_id=10179","og_locale":"es_ES","og_type":"article","og_title":"SERVICIOS - Burrita Bike Store","og_description":"Adem\u00e1s de disponer de un amplio cat\u00e1logo de bicicletas, ropa y otros accesorios, repuestos y herramientas, ponemos a disposici\u00f3n de nuestros clientes diferentes servicios para que disfruten al m\u00e1ximo del placer de pedalear: Servicio T\u00e9cnico Homologado. Taller Especializado en bicicletas y patinetes el\u00e9ctricos. Servicios de Financiaci\u00f3n. Alquiler de Bicicletas. Comunidad Ciclista, Club Deportivo perteneciente a [&hellip;]","og_url":"https:\/\/www.burritabike.com\/?page_id=10179","og_site_name":"Burrita Bike Store","article_publisher":"https:\/\/www.facebook.com\/Burrita-Bike-175649685843399\/","article_modified_time":"2024-10-30T10:17:04+00:00","og_image":[{"width":1060,"height":392,"url":"https:\/\/www.burritabike.com\/wp-content\/uploads\/2017\/07\/IMG_0461.jpg","type":"image\/jpeg"}],"twitter_card":"summary_large_image","twitter_site":"@burritabike","twitter_misc":{"Tiempo de lectura":"1 minuto"},"schema":{"@context":"https:\/\/schema.org","@graph":[{"@type":"WebPage","@id":"https:\/\/www.burritabike.com\/?page_id=10179","url":"https:\/\/www.burritabike.com\/?page_id=10179","name":"SERVICIOS - Burrita Bike Store","isPartOf":{"@id":"https:\/\/www.burritabike.com\/#website"},"datePublished":"2021-02-09T11:19:49+00:00","dateModified":"2024-10-30T10:17:04+00:00","breadcrumb":{"@id":"https:\/\/www.burritabike.com\/?page_id=10179#breadcrumb"},"inLanguage":"es","potentialAction":[{"@type":"ReadAction","target":["https:\/\/www.burritabike.com\/?page_id=10179"]}]},{"@type":"BreadcrumbList","@id":"https:\/\/www.burritabike.com\/?page_id=10179#breadcrumb","itemListElement":[{"@type":"ListItem","position":1,"name":"Portada","item":"https:\/\/www.burritabike.com\/"},{"@type":"ListItem","position":2,"name":"SERVICIOS"}]},{"@type":"WebSite","@id":"https:\/\/www.burritabike.com\/#website","url":"https:\/\/www.burritabike.com\/","name":"Burrita Bike Store","description":"Pasi\u00f3n por el Ciclismo","publisher":{"@id":"https:\/\/www.burritabike.com\/#organization"},"potentialAction":[{"@type":"SearchAction","target":{"@type":"EntryPoint","urlTemplate":"https:\/\/www.burritabike.com\/?s={search_term_string}"},"query-input":"required name=search_term_string"}],"inLanguage":"es"},{"@type":"Organization","@id":"https:\/\/www.burritabike.com\/#organization","name":"BURRITA BIKE STORE","url":"https:\/\/www.burritabike.com\/","logo":{"@type":"ImageObject","inLanguage":"es","@id":"https:\/\/www.burritabike.com\/#\/schema\/logo\/image\/","url":"https:\/\/www.burritabike.com\/wp-content\/uploads\/2019\/03\/logo-burrita-completo-con-copyrigth.jpg","contentUrl":"https:\/\/www.burritabike.com\/wp-content\/uploads\/2019\/03\/logo-burrita-completo-con-copyrigth.jpg","width":908,"height":845,"caption":"BURRITA BIKE STORE"},"image":{"@id":"https:\/\/www.burritabike.com\/#\/schema\/logo\/image\/"},"sameAs":["https:\/\/www.instagram.com\/burritabike\/","https:\/\/www.facebook.com\/Burrita-Bike-175649685843399\/","https:\/\/twitter.com\/burritabike"]}]}},"_links":{"self":[{"href":"https:\/\/www.burritabike.com\/index.php?rest_route=\/wp\/v2\/pages\/10179"}],"collection":[{"href":"https:\/\/www.burritabike.com\/index.php?rest_route=\/wp\/v2\/pages"}],"about":[{"href":"https:\/\/www.burritabike.com\/index.php?rest_route=\/wp\/v2\/types\/page"}],"author":[{"embeddable":true,"href":"https:\/\/www.burritabike.com\/index.php?rest_route=\/wp\/v2\/users\/3"}],"replies":[{"embeddable":true,"href":"https:\/\/www.burritabike.com\/index.php?rest_route=%2Fwp%2Fv2%2Fcomments&post=10179"}],"version-history":[{"count":9,"href":"https:\/\/www.burritabike.com\/index.php?rest_route=\/wp\/v2\/pages\/10179\/revisions"}],"predecessor-version":[{"id":11370,"href":"https:\/\/www.burritabike.com\/index.php?rest_route=\/wp\/v2\/pages\/10179\/revisions\/11370"}],"wp:attachment":[{"href":"https:\/\/www.burritabike.com\/index.php?rest_route=%2Fwp%2Fv2%2Fmedia&parent=10179"}],"curies":[{"name":"wp","href":"https:\/\/api.w.org\/{rel}","templated":true}]}}